{"id":61848,"date":"2026-02-24T14:53:53","date_gmt":"2026-02-24T14:53:53","guid":{"rendered":"https:\/\/ati.digisoft.pro\/product\/dbmcd-wfo\/"},"modified":"2026-03-11T10:53:19","modified_gmt":"2026-03-11T10:53:19","slug":"dbmcd-wfo","status":"publish","type":"product","link":"https:\/\/ati.digisoft.pro\/es\/producto\/dbmcd-wfo\/","title":{"rendered":"DBMCD &#8211; WFO"},"content":{"rendered":"<p>Disco soldado con l\u00e1ser. Segmentos con granos de diamante alineados para una distribuci\u00f3n \u00f3ptima del esfuerzo de corte en cada grano, ofreciendo excepcional regularidad y confort de corte. Segmento de 12 mm de altura para mayor durabilidad.<\/p>\n","protected":false},"excerpt":{"rendered":"<p>Disco soldado con l\u00e1ser. Segmentos con granos de diamante alineados para una distribuci\u00f3n \u00f3ptima del esfuerzo de corte en cada grano, ofreciendo excepcional regularidad y confort de corte.<\/p>\n","protected":false},"featured_media":61849,"comment_status":"open","ping_status":"closed","template":"","meta":{"_acf_changed":false,"_angie_page":false,"inline_featured_image":false},"product_brand":[],"product_cat":[],"product_tag":[],"class_list":{"0":"post-61848","1":"product","2":"type-product","3":"status-publish","4":"has-post-thumbnail","6":"description-off","8":"first","9":"instock","10":"taxable","11":"shipping-taxable","12":"purchasable","13":"product-type-variable"},"acf":[],"_links":{"self":[{"href":"https:\/\/ati.digisoft.pro\/es\/wp-json\/wp\/v2\/product\/61848","targetHints":{"allow":["GET"]}}],"collection":[{"href":"https:\/\/ati.digisoft.pro\/es\/wp-json\/wp\/v2\/product"}],"about":[{"href":"https:\/\/ati.digisoft.pro\/es\/wp-json\/wp\/v2\/types\/product"}],"replies":[{"embeddable":true,"href":"https:\/\/ati.digisoft.pro\/es\/wp-json\/wp\/v2\/comments?post=61848"}],"version-history":[{"count":0,"href":"https:\/\/ati.digisoft.pro\/es\/wp-json\/wp\/v2\/product\/61848\/revisions"}],"wp:featuredmedia":[{"embeddable":true,"href":"https:\/\/ati.digisoft.pro\/es\/wp-json\/wp\/v2\/media\/61849"}],"wp:attachment":[{"href":"https:\/\/ati.digisoft.pro\/es\/wp-json\/wp\/v2\/media?parent=61848"}],"wp:term":[{"taxonomy":"product_brand","embeddable":true,"href":"https:\/\/ati.digisoft.pro\/es\/wp-json\/wp\/v2\/product_brand?post=61848"},{"taxonomy":"product_cat","embeddable":true,"href":"https:\/\/ati.digisoft.pro\/es\/wp-json\/wp\/v2\/product_cat?post=61848"},{"taxonomy":"product_tag","embeddable":true,"href":"https:\/\/ati.digisoft.pro\/es\/wp-json\/wp\/v2\/product_tag?post=61848"}],"curies":[{"name":"wp","href":"https:\/\/api.w.org\/{rel}","templated":true}]}}