{"id":61871,"date":"2026-02-24T13:46:21","date_gmt":"2026-02-24T13:46:21","guid":{"rendered":"https:\/\/ati.digisoft.pro\/product\/dgbf-sal-laser-hormigon-armado-granito\/"},"modified":"2026-02-24T13:46:21","modified_gmt":"2026-02-24T13:46:21","slug":"dgbf-sal-laser-hormigon-armado-granito","status":"publish","type":"product","link":"https:\/\/ati.digisoft.pro\/es\/producto\/dgbf-sal-laser-hormigon-armado-granito\/","title":{"rendered":"DGBF &#8211; SAL L\u00e1ser Hormig\u00f3n Armado &#8211; Granito"},"content":{"rendered":"<p>Disco soldado por l\u00e1ser. Segmentos con los granos de diamante alineados que permiten una distribuci\u00f3n \u00f3ptima del esfuerzo de corte en cada grano de diamante, ofreciendo as\u00ed una regularidad excepcional y un confort de corte. Segmento de 12 mm de altura para una buena longevidad.  <\/p>\n","protected":false},"excerpt":{"rendered":"<p>Disco soldado por l\u00e1ser. Segmentos con los granos de diamante alineados que permiten una distribuci\u00f3n \u00f3ptima del esfuerzo de corte en cada grano de diamante, ofreciendo as\u00ed una regularidad excepcional y un confort de corte. <\/p>\n","protected":false},"featured_media":61849,"comment_status":"open","ping_status":"closed","template":"","meta":{"_acf_changed":false,"_angie_page":false,"inline_featured_image":false},"product_brand":[],"product_cat":[],"product_tag":[],"class_list":{"0":"post-61871","1":"product","2":"type-product","3":"status-publish","4":"has-post-thumbnail","6":"description-off","8":"first","9":"instock","10":"taxable","11":"shipping-taxable","12":"purchasable","13":"product-type-variable"},"acf":[],"_links":{"self":[{"href":"https:\/\/ati.digisoft.pro\/es\/wp-json\/wp\/v2\/product\/61871","targetHints":{"allow":["GET"]}}],"collection":[{"href":"https:\/\/ati.digisoft.pro\/es\/wp-json\/wp\/v2\/product"}],"about":[{"href":"https:\/\/ati.digisoft.pro\/es\/wp-json\/wp\/v2\/types\/product"}],"replies":[{"embeddable":true,"href":"https:\/\/ati.digisoft.pro\/es\/wp-json\/wp\/v2\/comments?post=61871"}],"version-history":[{"count":0,"href":"https:\/\/ati.digisoft.pro\/es\/wp-json\/wp\/v2\/product\/61871\/revisions"}],"wp:featuredmedia":[{"embeddable":true,"href":"https:\/\/ati.digisoft.pro\/es\/wp-json\/wp\/v2\/media\/61849"}],"wp:attachment":[{"href":"https:\/\/ati.digisoft.pro\/es\/wp-json\/wp\/v2\/media?parent=61871"}],"wp:term":[{"taxonomy":"product_brand","embeddable":true,"href":"https:\/\/ati.digisoft.pro\/es\/wp-json\/wp\/v2\/product_brand?post=61871"},{"taxonomy":"product_cat","embeddable":true,"href":"https:\/\/ati.digisoft.pro\/es\/wp-json\/wp\/v2\/product_cat?post=61871"},{"taxonomy":"product_tag","embeddable":true,"href":"https:\/\/ati.digisoft.pro\/es\/wp-json\/wp\/v2\/product_tag?post=61871"}],"curies":[{"name":"wp","href":"https:\/\/api.w.org\/{rel}","templated":true}]}}