{"id":61883,"date":"2026-02-23T09:12:38","date_gmt":"2026-02-23T09:12:38","guid":{"rendered":"https:\/\/ati.digisoft.pro\/product\/dtc60p-a60t-disco-para-carroceria\/"},"modified":"2026-02-23T09:12:38","modified_gmt":"2026-02-23T09:12:38","slug":"dtc60p-a60t-disco-para-carroceria","status":"publish","type":"product","link":"https:\/\/ati.digisoft.pro\/es\/producto\/dtc60p-a60t-disco-para-carroceria\/","title":{"rendered":"DTC60P &#8211; A60T &#8211; Disco para Carrocer\u00eda"},"content":{"rendered":"<p>Disco blando para chapa fina, para carrocer\u00eda (80 m\/s). Disco de desbastar para m\u00e1quina neum\u00e1tica o el\u00e9ctrica.<\/p>\n","protected":false},"excerpt":{"rendered":"<p>Disco blando para chapa fina, para carrocer\u00eda (80 m\/s). Disco de desbastar para m\u00e1quina neum\u00e1tica o el\u00e9ctrica.<\/p>\n","protected":false},"featured_media":61856,"comment_status":"open","ping_status":"closed","template":"","meta":{"_acf_changed":false,"_angie_page":false,"inline_featured_image":false},"product_brand":[],"product_cat":[],"product_tag":[],"class_list":{"0":"post-61883","1":"product","2":"type-product","3":"status-publish","4":"has-post-thumbnail","6":"description-off","8":"first","9":"instock","10":"taxable","11":"shipping-taxable","12":"purchasable","13":"product-type-variable"},"acf":[],"_links":{"self":[{"href":"https:\/\/ati.digisoft.pro\/es\/wp-json\/wp\/v2\/product\/61883","targetHints":{"allow":["GET"]}}],"collection":[{"href":"https:\/\/ati.digisoft.pro\/es\/wp-json\/wp\/v2\/product"}],"about":[{"href":"https:\/\/ati.digisoft.pro\/es\/wp-json\/wp\/v2\/types\/product"}],"replies":[{"embeddable":true,"href":"https:\/\/ati.digisoft.pro\/es\/wp-json\/wp\/v2\/comments?post=61883"}],"version-history":[{"count":0,"href":"https:\/\/ati.digisoft.pro\/es\/wp-json\/wp\/v2\/product\/61883\/revisions"}],"wp:featuredmedia":[{"embeddable":true,"href":"https:\/\/ati.digisoft.pro\/es\/wp-json\/wp\/v2\/media\/61856"}],"wp:attachment":[{"href":"https:\/\/ati.digisoft.pro\/es\/wp-json\/wp\/v2\/media?parent=61883"}],"wp:term":[{"taxonomy":"product_brand","embeddable":true,"href":"https:\/\/ati.digisoft.pro\/es\/wp-json\/wp\/v2\/product_brand?post=61883"},{"taxonomy":"product_cat","embeddable":true,"href":"https:\/\/ati.digisoft.pro\/es\/wp-json\/wp\/v2\/product_cat?post=61883"},{"taxonomy":"product_tag","embeddable":true,"href":"https:\/\/ati.digisoft.pro\/es\/wp-json\/wp\/v2\/product_tag?post=61883"}],"curies":[{"name":"wp","href":"https:\/\/api.w.org\/{rel}","templated":true}]}}