{"id":61903,"date":"2026-02-24T14:41:58","date_gmt":"2026-02-24T14:41:58","guid":{"rendered":"https:\/\/ati.digisoft.pro\/product\/dsbv-laser-hormigon-armado-granito\/"},"modified":"2026-02-24T14:41:58","modified_gmt":"2026-02-24T14:41:58","slug":"dsbv-laser-hormigon-armado-granito","status":"publish","type":"product","link":"https:\/\/ati.digisoft.pro\/es\/producto\/dsbv-laser-hormigon-armado-granito\/","title":{"rendered":"DSBV &#8211; L\u00e1ser Hormig\u00f3n Armado &#8211; Granito"},"content":{"rendered":"<p>Disco con su nuevo segmento en \u00abV\u00bb. Este tipo de segmento con geometr\u00eda espec\u00edfica para una buena autorrefrigeraci\u00f3n, segmentos de 12 mm y aglomerante de alta calidad para un corte r\u00e1pido y duradero en materiales duros.<\/p>\n","protected":false},"excerpt":{"rendered":"<p>Disco con su nuevo segmento en \u00abV\u00bb. Este tipo de segmento con geometr\u00eda espec\u00edfica para una buena autorrefrigeraci\u00f3n, segmentos de 12 mm y aglomerante de alta calidad para un corte r\u00e1pido y duradero en materiales duros.<\/p>\n","protected":false},"featured_media":61429,"comment_status":"open","ping_status":"closed","template":"","meta":{"_acf_changed":false,"_angie_page":false,"inline_featured_image":false},"product_brand":[],"product_cat":[],"product_tag":[],"class_list":{"0":"post-61903","1":"product","2":"type-product","3":"status-publish","4":"has-post-thumbnail","6":"description-off","8":"first","9":"instock","10":"taxable","11":"shipping-taxable","12":"purchasable","13":"product-type-variable"},"acf":[],"_links":{"self":[{"href":"https:\/\/ati.digisoft.pro\/es\/wp-json\/wp\/v2\/product\/61903","targetHints":{"allow":["GET"]}}],"collection":[{"href":"https:\/\/ati.digisoft.pro\/es\/wp-json\/wp\/v2\/product"}],"about":[{"href":"https:\/\/ati.digisoft.pro\/es\/wp-json\/wp\/v2\/types\/product"}],"replies":[{"embeddable":true,"href":"https:\/\/ati.digisoft.pro\/es\/wp-json\/wp\/v2\/comments?post=61903"}],"version-history":[{"count":0,"href":"https:\/\/ati.digisoft.pro\/es\/wp-json\/wp\/v2\/product\/61903\/revisions"}],"wp:featuredmedia":[{"embeddable":true,"href":"https:\/\/ati.digisoft.pro\/es\/wp-json\/wp\/v2\/media\/61429"}],"wp:attachment":[{"href":"https:\/\/ati.digisoft.pro\/es\/wp-json\/wp\/v2\/media?parent=61903"}],"wp:term":[{"taxonomy":"product_brand","embeddable":true,"href":"https:\/\/ati.digisoft.pro\/es\/wp-json\/wp\/v2\/product_brand?post=61903"},{"taxonomy":"product_cat","embeddable":true,"href":"https:\/\/ati.digisoft.pro\/es\/wp-json\/wp\/v2\/product_cat?post=61903"},{"taxonomy":"product_tag","embeddable":true,"href":"https:\/\/ati.digisoft.pro\/es\/wp-json\/wp\/v2\/product_tag?post=61903"}],"curies":[{"name":"wp","href":"https:\/\/api.w.org\/{rel}","templated":true}]}}