{"id":61933,"date":"2026-01-27T10:41:08","date_gmt":"2026-01-27T10:41:08","guid":{"rendered":"https:\/\/ati.digisoft.pro\/product\/herramienta-diamantada-disco-de-corte-copia-copia\/"},"modified":"2026-01-27T10:41:08","modified_gmt":"2026-01-27T10:41:08","slug":"herramienta-diamantada-disco-de-corte-copia-copia","status":"publish","type":"product","link":"https:\/\/ati.digisoft.pro\/es\/producto\/herramienta-diamantada-disco-de-corte-copia-copia\/","title":{"rendered":"Herramienta Diamantada (Disco de corte) (Copia) (Copia)"},"content":{"rendered":"<p>Esta herramienta diamantada ofrece una longevidad excepcional gracias a una concentraci\u00f3n \u00f3ptima de diamantes industriales de alta calidad. Su segmentaci\u00f3n t\u00e9cnica asegura una refrigeraci\u00f3n eficaz durante el corte, reduciendo los riesgos de sobrecalentamiento. Polivalente, garantiza un acabado n\u00edtido y una velocidad de corte constante, tanto para uso en seco como con agua en obras exigentes.  <\/p>\n","protected":false},"excerpt":{"rendered":"<p>Disco diamantado de alto rendimiento dise\u00f1ado para el corte r\u00e1pido y preciso de los materiales de construcci\u00f3n m\u00e1s duros como el hormig\u00f3n, la piedra y el granito.<\/p>\n","protected":false},"featured_media":48555,"comment_status":"open","ping_status":"closed","template":"","meta":{"_acf_changed":false,"_angie_page":false,"inline_featured_image":false},"product_brand":[],"product_cat":[],"product_tag":[],"class_list":{"0":"post-61933","1":"product","2":"type-product","3":"status-publish","4":"has-post-thumbnail","6":"description-off","8":"first","9":"instock","10":"taxable","11":"shipping-taxable","12":"purchasable","13":"product-type-variable"},"acf":[],"_links":{"self":[{"href":"https:\/\/ati.digisoft.pro\/es\/wp-json\/wp\/v2\/product\/61933","targetHints":{"allow":["GET"]}}],"collection":[{"href":"https:\/\/ati.digisoft.pro\/es\/wp-json\/wp\/v2\/product"}],"about":[{"href":"https:\/\/ati.digisoft.pro\/es\/wp-json\/wp\/v2\/types\/product"}],"replies":[{"embeddable":true,"href":"https:\/\/ati.digisoft.pro\/es\/wp-json\/wp\/v2\/comments?post=61933"}],"version-history":[{"count":0,"href":"https:\/\/ati.digisoft.pro\/es\/wp-json\/wp\/v2\/product\/61933\/revisions"}],"wp:featuredmedia":[{"embeddable":true,"href":"https:\/\/ati.digisoft.pro\/es\/wp-json\/wp\/v2\/media\/48555"}],"wp:attachment":[{"href":"https:\/\/ati.digisoft.pro\/es\/wp-json\/wp\/v2\/media?parent=61933"}],"wp:term":[{"taxonomy":"product_brand","embeddable":true,"href":"https:\/\/ati.digisoft.pro\/es\/wp-json\/wp\/v2\/product_brand?post=61933"},{"taxonomy":"product_cat","embeddable":true,"href":"https:\/\/ati.digisoft.pro\/es\/wp-json\/wp\/v2\/product_cat?post=61933"},{"taxonomy":"product_tag","embeddable":true,"href":"https:\/\/ati.digisoft.pro\/es\/wp-json\/wp\/v2\/product_tag?post=61933"}],"curies":[{"name":"wp","href":"https:\/\/api.w.org\/{rel}","templated":true}]}}