{"id":62003,"date":"2026-02-23T08:52:32","date_gmt":"2026-02-23T08:52:32","guid":{"rendered":"https:\/\/ati.digisoft.pro\/product\/dem24d-cer-disco-de-desbaste\/"},"modified":"2026-02-23T08:52:32","modified_gmt":"2026-02-23T08:52:32","slug":"dem24d-cer-disco-de-desbaste","status":"publish","type":"product","link":"https:\/\/ati.digisoft.pro\/es\/producto\/dem24d-cer-disco-de-desbaste\/","title":{"rendered":"DEM24D-CER | Disco de desbaste"},"content":{"rendered":"<p>Discos de desbaste de calidad cer\u00e1mica para un desbarbado m\u00e1s r\u00e1pido y un desgaste muy lento.<\/p>\n","protected":false},"excerpt":{"rendered":"<p>Discos de desbaste de calidad cer\u00e1mica para un desbarbado m\u00e1s r\u00e1pido y un desgaste muy lento.<\/p>\n","protected":false},"featured_media":61304,"comment_status":"open","ping_status":"closed","template":"","meta":{"_acf_changed":false,"_angie_page":false,"inline_featured_image":false},"product_brand":[],"product_cat":[],"product_tag":[],"class_list":{"0":"post-62003","1":"product","2":"type-product","3":"status-publish","4":"has-post-thumbnail","6":"description-off","8":"first","9":"instock","10":"taxable","11":"shipping-taxable","12":"purchasable","13":"product-type-variable"},"acf":[],"_links":{"self":[{"href":"https:\/\/ati.digisoft.pro\/es\/wp-json\/wp\/v2\/product\/62003","targetHints":{"allow":["GET"]}}],"collection":[{"href":"https:\/\/ati.digisoft.pro\/es\/wp-json\/wp\/v2\/product"}],"about":[{"href":"https:\/\/ati.digisoft.pro\/es\/wp-json\/wp\/v2\/types\/product"}],"replies":[{"embeddable":true,"href":"https:\/\/ati.digisoft.pro\/es\/wp-json\/wp\/v2\/comments?post=62003"}],"version-history":[{"count":0,"href":"https:\/\/ati.digisoft.pro\/es\/wp-json\/wp\/v2\/product\/62003\/revisions"}],"wp:featuredmedia":[{"embeddable":true,"href":"https:\/\/ati.digisoft.pro\/es\/wp-json\/wp\/v2\/media\/61304"}],"wp:attachment":[{"href":"https:\/\/ati.digisoft.pro\/es\/wp-json\/wp\/v2\/media?parent=62003"}],"wp:term":[{"taxonomy":"product_brand","embeddable":true,"href":"https:\/\/ati.digisoft.pro\/es\/wp-json\/wp\/v2\/product_brand?post=62003"},{"taxonomy":"product_cat","embeddable":true,"href":"https:\/\/ati.digisoft.pro\/es\/wp-json\/wp\/v2\/product_cat?post=62003"},{"taxonomy":"product_tag","embeddable":true,"href":"https:\/\/ati.digisoft.pro\/es\/wp-json\/wp\/v2\/product_tag?post=62003"}],"curies":[{"name":"wp","href":"https:\/\/api.w.org\/{rel}","templated":true}]}}